{"id":938,"date":"2025-04-19T13:22:32","date_gmt":"2025-04-19T11:22:32","guid":{"rendered":"https:\/\/djecji-vrtic-slapica.hr\/?page_id=938"},"modified":"2025-12-04T19:00:23","modified_gmt":"2025-12-04T18:00:23","slug":"tim","status":"publish","type":"page","link":"https:\/\/djecji-vrtic-slapica.hr\/de\/tim\/","title":{"rendered":"Team"},"content":{"rendered":"<div data-elementor-type=\"wp-page\" data-elementor-id=\"938\" class=\"elementor elementor-938\" data-elementor-post-type=\"page\">\n\t\t\t\t\t\t<section class=\"elementor-section elementor-top-section elementor-element elementor-element-5c26f35a elementor-section-content-middle elementor-section-height-min-height elementor-section-boxed elementor-section-height-default elementor-section-items-middle\" data-id=\"5c26f35a\" data-element_type=\"section\" data-settings=\"{&quot;background_background&quot;:&quot;classic&quot;}\">\n\t\t\t\t\t\t<div class=\"elementor-container elementor-column-gap-default\">\n\t\t\t\t\t<div class=\"elementor-column elementor-col-100 elementor-top-column elementor-element elementor-element-3a7af482\" data-id=\"3a7af482\" data-element_type=\"column\">\n\t\t\t<div class=\"elementor-widget-wrap elementor-element-populated\">\n\t\t\t\t\t\t\t<\/div>\n\t\t<\/div>\n\t\t\t\t\t<\/div>\n\t\t<\/section>\n\t\t<div class=\"elementor-element elementor-element-4cba3f2 e-flex e-con-boxed e-con e-parent\" data-id=\"4cba3f2\" data-element_type=\"container\">\n\t\t\t\t\t<div class=\"e-con-inner\">\n\t\t\t\t<div class=\"elementor-element elementor-element-187963c elementor-icon-list--layout-traditional elementor-list-item-link-full_width elementor-widget elementor-widget-icon-list\" data-id=\"187963c\" data-element_type=\"widget\" data-widget_type=\"icon-list.default\">\n\t\t\t\t<div class=\"elementor-widget-container\">\n\t\t\t\t\t\t\t<ul class=\"elementor-icon-list-items\">\n\t\t\t\t\t\t\t<li class=\"elementor-icon-list-item\">\n\t\t\t\t\t\t\t\t\t\t\t<span class=\"elementor-icon-list-icon\">\n\t\t\t\t\t\t\t<svg aria-hidden=\"true\" class=\"e-font-icon-svg e-fas-user\" viewbox=\"0 0 448 512\" xmlns=\"http:\/\/www.w3.org\/2000\/svg\"><path d=\"M224 256c70.7 0 128-57.3 128-128S294.7 0 224 0 96 57.3 96 128s57.3 128 128 128zm89.6 32h-16.7c-22.2 10.2-46.9 16-72.9 16s-50.6-5.8-72.9-16h-16.7C60.2 288 0 348.2 0 422.4V464c0 26.5 21.5 48 48 48h352c26.5 0 48-21.5 48-48v-41.6c0-74.2-60.2-134.4-134.4-134.4z\"><\/path><\/svg>\t\t\t\t\t\t<\/span>\n\t\t\t\t\t\t\t\t\t\t<span class=\"elementor-icon-list-text\">Ivana Ko\u0161uti\u0107 - pomo\u0107na odgojiteljica<\/span>\n\t\t\t\t\t\t\t\t\t<\/li>\n\t\t\t\t\t\t\t\t<li class=\"elementor-icon-list-item\">\n\t\t\t\t\t\t\t\t\t\t\t<span class=\"elementor-icon-list-icon\">\n\t\t\t\t\t\t\t<svg aria-hidden=\"true\" class=\"e-font-icon-svg e-fas-user\" viewbox=\"0 0 448 512\" xmlns=\"http:\/\/www.w3.org\/2000\/svg\"><path d=\"M224 256c70.7 0 128-57.3 128-128S294.7 0 224 0 96 57.3 96 128s57.3 128 128 128zm89.6 32h-16.7c-22.2 10.2-46.9 16-72.9 16s-50.6-5.8-72.9-16h-16.7C60.2 288 0 348.2 0 422.4V464c0 26.5 21.5 48 48 48h352c26.5 0 48-21.5 48-48v-41.6c0-74.2-60.2-134.4-134.4-134.4z\"><\/path><\/svg>\t\t\t\t\t\t<\/span>\n\t\t\t\t\t\t\t\t\t\t<span class=\"elementor-icon-list-text\">Lara Prpi\u0107 Babi\u0107 - pomo\u0107na odgojiteljica<\/span>\n\t\t\t\t\t\t\t\t\t<\/li>\n\t\t\t\t\t\t\t\t<li class=\"elementor-icon-list-item\">\n\t\t\t\t\t\t\t\t\t\t\t<span class=\"elementor-icon-list-icon\">\n\t\t\t\t\t\t\t<svg aria-hidden=\"true\" class=\"e-font-icon-svg e-fas-user\" viewbox=\"0 0 448 512\" xmlns=\"http:\/\/www.w3.org\/2000\/svg\"><path d=\"M224 256c70.7 0 128-57.3 128-128S294.7 0 224 0 96 57.3 96 128s57.3 128 128 128zm89.6 32h-16.7c-22.2 10.2-46.9 16-72.9 16s-50.6-5.8-72.9-16h-16.7C60.2 288 0 348.2 0 422.4V464c0 26.5 21.5 48 48 48h352c26.5 0 48-21.5 48-48v-41.6c0-74.2-60.2-134.4-134.4-134.4z\"><\/path><\/svg>\t\t\t\t\t\t<\/span>\n\t\t\t\t\t\t\t\t\t\t<span class=\"elementor-icon-list-text\">Petra Vran\u010di\u0107 - pomo\u0107na odgojiteljica<\/span>\n\t\t\t\t\t\t\t\t\t<\/li>\n\t\t\t\t\t\t\t\t<li class=\"elementor-icon-list-item\">\n\t\t\t\t\t\t\t\t\t\t\t<span class=\"elementor-icon-list-icon\">\n\t\t\t\t\t\t\t<svg aria-hidden=\"true\" class=\"e-font-icon-svg e-fas-user\" viewbox=\"0 0 448 512\" xmlns=\"http:\/\/www.w3.org\/2000\/svg\"><path d=\"M224 256c70.7 0 128-57.3 128-128S294.7 0 224 0 96 57.3 96 128s57.3 128 128 128zm89.6 32h-16.7c-22.2 10.2-46.9 16-72.9 16s-50.6-5.8-72.9-16h-16.7C60.2 288 0 348.2 0 422.4V464c0 26.5 21.5 48 48 48h352c26.5 0 48-21.5 48-48v-41.6c0-74.2-60.2-134.4-134.4-134.4z\"><\/path><\/svg>\t\t\t\t\t\t<\/span>\n\t\t\t\t\t\t\t\t\t\t<span class=\"elementor-icon-list-text\">Laura Tumpi\u0107 - pomo\u0107na odgojiteljica<\/span>\n\t\t\t\t\t\t\t\t\t<\/li>\n\t\t\t\t\t\t\t\t<li class=\"elementor-icon-list-item\">\n\t\t\t\t\t\t\t\t\t\t\t<span class=\"elementor-icon-list-icon\">\n\t\t\t\t\t\t\t<svg aria-hidden=\"true\" class=\"e-font-icon-svg e-fas-user\" viewbox=\"0 0 448 512\" xmlns=\"http:\/\/www.w3.org\/2000\/svg\"><path d=\"M224 256c70.7 0 128-57.3 128-128S294.7 0 224 0 96 57.3 96 128s57.3 128 128 128zm89.6 32h-16.7c-22.2 10.2-46.9 16-72.9 16s-50.6-5.8-72.9-16h-16.7C60.2 288 0 348.2 0 422.4V464c0 26.5 21.5 48 48 48h352c26.5 0 48-21.5 48-48v-41.6c0-74.2-60.2-134.4-134.4-134.4z\"><\/path><\/svg>\t\t\t\t\t\t<\/span>\n\t\t\t\t\t\t\t\t\t\t<span class=\"elementor-icon-list-text\">Josip Nik\u0161i\u0107 - kuhar<\/span>\n\t\t\t\t\t\t\t\t\t<\/li>\n\t\t\t\t\t\t\t\t<li class=\"elementor-icon-list-item\">\n\t\t\t\t\t\t\t\t\t\t\t<span class=\"elementor-icon-list-icon\">\n\t\t\t\t\t\t\t<svg aria-hidden=\"true\" class=\"e-font-icon-svg e-fas-user\" viewbox=\"0 0 448 512\" xmlns=\"http:\/\/www.w3.org\/2000\/svg\"><path d=\"M224 256c70.7 0 128-57.3 128-128S294.7 0 224 0 96 57.3 96 128s57.3 128 128 128zm89.6 32h-16.7c-22.2 10.2-46.9 16-72.9 16s-50.6-5.8-72.9-16h-16.7C60.2 288 0 348.2 0 422.4V464c0 26.5 21.5 48 48 48h352c26.5 0 48-21.5 48-48v-41.6c0-74.2-60.2-134.4-134.4-134.4z\"><\/path><\/svg>\t\t\t\t\t\t<\/span>\n\t\t\t\t\t\t\t\t\t\t<span class=\"elementor-icon-list-text\">Katarina Nik\u0161i\u0107 - sprema\u010dica <\/span>\n\t\t\t\t\t\t\t\t\t<\/li>\n\t\t\t\t\t\t<\/ul>\n\t\t\t\t\t\t<\/div>\n\t\t\t\t<\/div>\n\t\t\t\t<div class=\"elementor-element elementor-element-e29f732 elementor-widget elementor-widget-heading\" data-id=\"e29f732\" data-element_type=\"widget\" data-widget_type=\"heading.default\">\n\t\t\t\t<div class=\"elementor-widget-container\">\n\t\t\t\t\t<h2 class=\"elementor-heading-title elementor-size-default\">Stru\u010dni suradnici: <\/h2>\t\t\t\t<\/div>\n\t\t\t\t<\/div>\n\t\t\t\t<div class=\"elementor-element elementor-element-5510e21 elementor-icon-list--layout-traditional elementor-list-item-link-full_width elementor-widget elementor-widget-icon-list\" data-id=\"5510e21\" data-element_type=\"widget\" data-widget_type=\"icon-list.default\">\n\t\t\t\t<div class=\"elementor-widget-container\">\n\t\t\t\t\t\t\t<ul class=\"elementor-icon-list-items\">\n\t\t\t\t\t\t\t<li class=\"elementor-icon-list-item\">\n\t\t\t\t\t\t\t\t\t\t\t<span class=\"elementor-icon-list-icon\">\n\t\t\t\t\t\t\t<svg aria-hidden=\"true\" class=\"e-font-icon-svg e-fas-user\" viewbox=\"0 0 448 512\" xmlns=\"http:\/\/www.w3.org\/2000\/svg\"><path d=\"M224 256c70.7 0 128-57.3 128-128S294.7 0 224 0 96 57.3 96 128s57.3 128 128 128zm89.6 32h-16.7c-22.2 10.2-46.9 16-72.9 16s-50.6-5.8-72.9-16h-16.7C60.2 288 0 348.2 0 422.4V464c0 26.5 21.5 48 48 48h352c26.5 0 48-21.5 48-48v-41.6c0-74.2-60.2-134.4-134.4-134.4z\"><\/path><\/svg>\t\t\t\t\t\t<\/span>\n\t\t\t\t\t\t\t\t\t\t<span class=\"elementor-icon-list-text\">Valentina Glava\u010d Bratkovi\u0107 - zdravstvena voditeljica<\/span>\n\t\t\t\t\t\t\t\t\t<\/li>\n\t\t\t\t\t\t\t\t<li class=\"elementor-icon-list-item\">\n\t\t\t\t\t\t\t\t\t\t\t<span class=\"elementor-icon-list-icon\">\n\t\t\t\t\t\t\t<svg aria-hidden=\"true\" class=\"e-font-icon-svg e-fas-user\" viewbox=\"0 0 448 512\" xmlns=\"http:\/\/www.w3.org\/2000\/svg\"><path d=\"M224 256c70.7 0 128-57.3 128-128S294.7 0 224 0 96 57.3 96 128s57.3 128 128 128zm89.6 32h-16.7c-22.2 10.2-46.9 16-72.9 16s-50.6-5.8-72.9-16h-16.7C60.2 288 0 348.2 0 422.4V464c0 26.5 21.5 48 48 48h352c26.5 0 48-21.5 48-48v-41.6c0-74.2-60.2-134.4-134.4-134.4z\"><\/path><\/svg>\t\t\t\t\t\t<\/span>\n\t\t\t\t\t\t\t\t\t\t<span class=\"elementor-icon-list-text\">Darija Ladi\u0161i\u0107- edukacijska rehabilitatorica<\/span>\n\t\t\t\t\t\t\t\t\t<\/li>\n\t\t\t\t\t\t\t\t<li class=\"elementor-icon-list-item\">\n\t\t\t\t\t\t\t\t\t\t\t<span class=\"elementor-icon-list-icon\">\n\t\t\t\t\t\t\t<svg aria-hidden=\"true\" class=\"e-font-icon-svg e-fas-user\" viewbox=\"0 0 448 512\" xmlns=\"http:\/\/www.w3.org\/2000\/svg\"><path d=\"M224 256c70.7 0 128-57.3 128-128S294.7 0 224 0 96 57.3 96 128s57.3 128 128 128zm89.6 32h-16.7c-22.2 10.2-46.9 16-72.9 16s-50.6-5.8-72.9-16h-16.7C60.2 288 0 348.2 0 422.4V464c0 26.5 21.5 48 48 48h352c26.5 0 48-21.5 48-48v-41.6c0-74.2-60.2-134.4-134.4-134.4z\"><\/path><\/svg>\t\t\t\t\t\t<\/span>\n\t\t\t\t\t\t\t\t\t\t<span class=\"elementor-icon-list-text\">Tea Sovec - logopedinja<\/span>\n\t\t\t\t\t\t\t\t\t<\/li>\n\t\t\t\t\t\t<\/ul>\n\t\t\t\t\t\t<\/div>\n\t\t\t\t<\/div>\n\t\t\t\t\t<\/div>\n\t\t\t\t<\/div>\n\t\t\t\t<\/div>","protected":false},"excerpt":{"rendered":"<p>Ivana Ko\u0161uti\u0107 &#8211; pomo\u0107na odgojiteljica Lara Prpi\u0107 Babi\u0107 &#8211; pomo\u0107na odgojiteljica Petra Vran\u010di\u0107 &#8211; pomo\u0107na odgojiteljica Laura Tumpi\u0107 &#8211; pomo\u0107na odgojiteljica Josip Nik\u0161i\u0107 &#8211; kuhar Katarina Nik\u0161i\u0107 &#8211; sprema\u010dica Stru\u010dni suradnici: Valentina Glava\u010d Bratkovi\u0107 &#8211; zdravstvena voditeljica Darija Ladi\u0161i\u0107- edukacijska rehabilitatorica Tea Sovec &#8211; logopedinja<\/p>","protected":false},"author":1,"featured_media":772,"parent":0,"menu_order":0,"comment_status":"closed","ping_status":"closed","template":"","meta":{"footnotes":""},"class_list":["post-938","page","type-page","status-publish","has-post-thumbnail","hentry"],"yoast_head":"<!-- This site is optimized with the Yoast SEO plugin v25.1 - https:\/\/yoast.com\/wordpress\/plugins\/seo\/ -->\n<title>Tim - Dje\u010dji vrti\u0107 \u0160lapica<\/title>\n<meta name=\"robots\" content=\"index, follow, max-snippet:-1, max-image-preview:large, max-video-preview:-1\" \/>\n<link rel=\"canonical\" href=\"https:\/\/djecji-vrtic-slapica.hr\/de\/tim\/\" \/>\n<meta property=\"og:locale\" content=\"de_DE\" \/>\n<meta property=\"og:type\" content=\"article\" \/>\n<meta property=\"og:title\" content=\"Tim - Dje\u010dji vrti\u0107 \u0160lapica\" \/>\n<meta property=\"og:description\" content=\"Ivana Ko\u0161uti\u0107 &#8211; pomo\u0107na odgojiteljica Lara Prpi\u0107 Babi\u0107 &#8211; pomo\u0107na odgojiteljica Petra Vran\u010di\u0107 &#8211; pomo\u0107na odgojiteljica Laura Tumpi\u0107 &#8211; pomo\u0107na odgojiteljica Josip Nik\u0161i\u0107 &#8211; kuhar Katarina Nik\u0161i\u0107 &#8211; sprema\u010dica Stru\u010dni suradnici: Valentina Glava\u010d Bratkovi\u0107 &#8211; zdravstvena voditeljica Darija Ladi\u0161i\u0107- edukacijska rehabilitatorica Tea Sovec &#8211; logopedinja\" \/>\n<meta property=\"og:url\" content=\"https:\/\/djecji-vrtic-slapica.hr\/de\/tim\/\" \/>\n<meta property=\"og:site_name\" content=\"Dje\u010dji vrti\u0107 \u0160lapica\" \/>\n<meta property=\"article:modified_time\" content=\"2025-12-04T18:00:23+00:00\" \/>\n<meta property=\"og:image\" content=\"https:\/\/djecji-vrtic-slapica.hr\/wp-content\/uploads\/2025\/04\/Istaknuta-slika.jpg\" \/>\n\t<meta property=\"og:image:width\" content=\"2048\" \/>\n\t<meta property=\"og:image:height\" content=\"1448\" \/>\n\t<meta property=\"og:image:type\" content=\"image\/jpeg\" \/>\n<meta name=\"twitter:card\" content=\"summary_large_image\" \/>\n<meta name=\"twitter:label1\" content=\"Gesch\u00e4tzte Lesezeit\" \/>\n\t<meta name=\"twitter:data1\" content=\"1 minute\" \/>\n<script type=\"application\/ld+json\" class=\"yoast-schema-graph\">{\"@context\":\"https:\/\/schema.org\",\"@graph\":[{\"@type\":\"WebPage\",\"@id\":\"https:\/\/djecji-vrtic-slapica.hr\/tim\/\",\"url\":\"https:\/\/djecji-vrtic-slapica.hr\/tim\/\",\"name\":\"Tim - Dje\u010dji vrti\u0107 \u0160lapica\",\"isPartOf\":{\"@id\":\"https:\/\/djecji-vrtic-slapica.hr\/#website\"},\"primaryImageOfPage\":{\"@id\":\"https:\/\/djecji-vrtic-slapica.hr\/tim\/#primaryimage\"},\"image\":{\"@id\":\"https:\/\/djecji-vrtic-slapica.hr\/tim\/#primaryimage\"},\"thumbnailUrl\":\"https:\/\/djecji-vrtic-slapica.hr\/wp-content\/uploads\/2025\/04\/Istaknuta-slika.jpg\",\"datePublished\":\"2025-04-19T11:22:32+00:00\",\"dateModified\":\"2025-12-04T18:00:23+00:00\",\"breadcrumb\":{\"@id\":\"https:\/\/djecji-vrtic-slapica.hr\/tim\/#breadcrumb\"},\"inLanguage\":\"de-DE\",\"potentialAction\":[{\"@type\":\"ReadAction\",\"target\":[\"https:\/\/djecji-vrtic-slapica.hr\/tim\/\"]}]},{\"@type\":\"ImageObject\",\"inLanguage\":\"de-DE\",\"@id\":\"https:\/\/djecji-vrtic-slapica.hr\/tim\/#primaryimage\",\"url\":\"https:\/\/djecji-vrtic-slapica.hr\/wp-content\/uploads\/2025\/04\/Istaknuta-slika.jpg\",\"contentUrl\":\"https:\/\/djecji-vrtic-slapica.hr\/wp-content\/uploads\/2025\/04\/Istaknuta-slika.jpg\",\"width\":2048,\"height\":1448},{\"@type\":\"BreadcrumbList\",\"@id\":\"https:\/\/djecji-vrtic-slapica.hr\/tim\/#breadcrumb\",\"itemListElement\":[{\"@type\":\"ListItem\",\"position\":1,\"name\":\"Po\u010detna stranica\",\"item\":\"https:\/\/djecji-vrtic-slapica.hr\/\"},{\"@type\":\"ListItem\",\"position\":2,\"name\":\"Tim\"}]},{\"@type\":\"WebSite\",\"@id\":\"https:\/\/djecji-vrtic-slapica.hr\/#website\",\"url\":\"https:\/\/djecji-vrtic-slapica.hr\/\",\"name\":\"Dje\u010dji vrti\u0107 \u0160lapica\",\"description\":\"\",\"publisher\":{\"@id\":\"https:\/\/djecji-vrtic-slapica.hr\/#organization\"},\"potentialAction\":[{\"@type\":\"SearchAction\",\"target\":{\"@type\":\"EntryPoint\",\"urlTemplate\":\"https:\/\/djecji-vrtic-slapica.hr\/?s={search_term_string}\"},\"query-input\":{\"@type\":\"PropertyValueSpecification\",\"valueRequired\":true,\"valueName\":\"search_term_string\"}}],\"inLanguage\":\"de-DE\"},{\"@type\":\"Organization\",\"@id\":\"https:\/\/djecji-vrtic-slapica.hr\/#organization\",\"name\":\"Dje\u010dji vrti\u0107 \u0160lapica\",\"url\":\"https:\/\/djecji-vrtic-slapica.hr\/\",\"logo\":{\"@type\":\"ImageObject\",\"inLanguage\":\"de-DE\",\"@id\":\"https:\/\/djecji-vrtic-slapica.hr\/#\/schema\/logo\/image\/\",\"url\":\"https:\/\/djecji-vrtic-slapica.hr\/wp-content\/uploads\/2025\/03\/logo.svg\",\"contentUrl\":\"https:\/\/djecji-vrtic-slapica.hr\/wp-content\/uploads\/2025\/03\/logo.svg\",\"width\":363,\"height\":156,\"caption\":\"Dje\u010dji vrti\u0107 \u0160lapica\"},\"image\":{\"@id\":\"https:\/\/djecji-vrtic-slapica.hr\/#\/schema\/logo\/image\/\"}}]}<\/script>\n<!-- \/ Yoast SEO plugin. -->","yoast_head_json":{"title":"Tim - Dje\u010dji vrti\u0107 \u0160lapica","robots":{"index":"index","follow":"follow","max-snippet":"max-snippet:-1","max-image-preview":"max-image-preview:large","max-video-preview":"max-video-preview:-1"},"canonical":"https:\/\/djecji-vrtic-slapica.hr\/de\/tim\/","og_locale":"de_DE","og_type":"article","og_title":"Tim - Dje\u010dji vrti\u0107 \u0160lapica","og_description":"Ivana Ko\u0161uti\u0107 &#8211; pomo\u0107na odgojiteljica Lara Prpi\u0107 Babi\u0107 &#8211; pomo\u0107na odgojiteljica Petra Vran\u010di\u0107 &#8211; pomo\u0107na odgojiteljica Laura Tumpi\u0107 &#8211; pomo\u0107na odgojiteljica Josip Nik\u0161i\u0107 &#8211; kuhar Katarina Nik\u0161i\u0107 &#8211; sprema\u010dica Stru\u010dni suradnici: Valentina Glava\u010d Bratkovi\u0107 &#8211; zdravstvena voditeljica Darija Ladi\u0161i\u0107- edukacijska rehabilitatorica Tea Sovec &#8211; logopedinja","og_url":"https:\/\/djecji-vrtic-slapica.hr\/de\/tim\/","og_site_name":"Dje\u010dji vrti\u0107 \u0160lapica","article_modified_time":"2025-12-04T18:00:23+00:00","og_image":[{"width":2048,"height":1448,"url":"https:\/\/djecji-vrtic-slapica.hr\/wp-content\/uploads\/2025\/04\/Istaknuta-slika.jpg","type":"image\/jpeg"}],"twitter_card":"summary_large_image","twitter_misc":{"Gesch\u00e4tzte Lesezeit":"1 minute"},"schema":{"@context":"https:\/\/schema.org","@graph":[{"@type":"WebPage","@id":"https:\/\/djecji-vrtic-slapica.hr\/tim\/","url":"https:\/\/djecji-vrtic-slapica.hr\/tim\/","name":"Tim - Dje\u010dji vrti\u0107 \u0160lapica","isPartOf":{"@id":"https:\/\/djecji-vrtic-slapica.hr\/#website"},"primaryImageOfPage":{"@id":"https:\/\/djecji-vrtic-slapica.hr\/tim\/#primaryimage"},"image":{"@id":"https:\/\/djecji-vrtic-slapica.hr\/tim\/#primaryimage"},"thumbnailUrl":"https:\/\/djecji-vrtic-slapica.hr\/wp-content\/uploads\/2025\/04\/Istaknuta-slika.jpg","datePublished":"2025-04-19T11:22:32+00:00","dateModified":"2025-12-04T18:00:23+00:00","breadcrumb":{"@id":"https:\/\/djecji-vrtic-slapica.hr\/tim\/#breadcrumb"},"inLanguage":"de-DE","potentialAction":[{"@type":"ReadAction","target":["https:\/\/djecji-vrtic-slapica.hr\/tim\/"]}]},{"@type":"ImageObject","inLanguage":"de-DE","@id":"https:\/\/djecji-vrtic-slapica.hr\/tim\/#primaryimage","url":"https:\/\/djecji-vrtic-slapica.hr\/wp-content\/uploads\/2025\/04\/Istaknuta-slika.jpg","contentUrl":"https:\/\/djecji-vrtic-slapica.hr\/wp-content\/uploads\/2025\/04\/Istaknuta-slika.jpg","width":2048,"height":1448},{"@type":"BreadcrumbList","@id":"https:\/\/djecji-vrtic-slapica.hr\/tim\/#breadcrumb","itemListElement":[{"@type":"ListItem","position":1,"name":"Po\u010detna stranica","item":"https:\/\/djecji-vrtic-slapica.hr\/"},{"@type":"ListItem","position":2,"name":"Tim"}]},{"@type":"WebSite","@id":"https:\/\/djecji-vrtic-slapica.hr\/#website","url":"https:\/\/djecji-vrtic-slapica.hr\/","name":"Dje\u010dji vrti\u0107 \u0160lapica","description":"","publisher":{"@id":"https:\/\/djecji-vrtic-slapica.hr\/#organization"},"potentialAction":[{"@type":"SearchAction","target":{"@type":"EntryPoint","urlTemplate":"https:\/\/djecji-vrtic-slapica.hr\/?s={search_term_string}"},"query-input":{"@type":"PropertyValueSpecification","valueRequired":true,"valueName":"search_term_string"}}],"inLanguage":"de-DE"},{"@type":"Organization","@id":"https:\/\/djecji-vrtic-slapica.hr\/#organization","name":"Dje\u010dji vrti\u0107 \u0160lapica","url":"https:\/\/djecji-vrtic-slapica.hr\/","logo":{"@type":"ImageObject","inLanguage":"de-DE","@id":"https:\/\/djecji-vrtic-slapica.hr\/#\/schema\/logo\/image\/","url":"https:\/\/djecji-vrtic-slapica.hr\/wp-content\/uploads\/2025\/03\/logo.svg","contentUrl":"https:\/\/djecji-vrtic-slapica.hr\/wp-content\/uploads\/2025\/03\/logo.svg","width":363,"height":156,"caption":"Dje\u010dji vrti\u0107 \u0160lapica"},"image":{"@id":"https:\/\/djecji-vrtic-slapica.hr\/#\/schema\/logo\/image\/"}}]}},"jetpack_sharing_enabled":true,"_links":{"self":[{"href":"https:\/\/djecji-vrtic-slapica.hr\/de\/wp-json\/wp\/v2\/pages\/938","targetHints":{"allow":["GET"]}}],"collection":[{"href":"https:\/\/djecji-vrtic-slapica.hr\/de\/wp-json\/wp\/v2\/pages"}],"about":[{"href":"https:\/\/djecji-vrtic-slapica.hr\/de\/wp-json\/wp\/v2\/types\/page"}],"author":[{"embeddable":true,"href":"https:\/\/djecji-vrtic-slapica.hr\/de\/wp-json\/wp\/v2\/users\/1"}],"replies":[{"embeddable":true,"href":"https:\/\/djecji-vrtic-slapica.hr\/de\/wp-json\/wp\/v2\/comments?post=938"}],"version-history":[{"count":53,"href":"https:\/\/djecji-vrtic-slapica.hr\/de\/wp-json\/wp\/v2\/pages\/938\/revisions"}],"predecessor-version":[{"id":1261,"href":"https:\/\/djecji-vrtic-slapica.hr\/de\/wp-json\/wp\/v2\/pages\/938\/revisions\/1261"}],"wp:featuredmedia":[{"embeddable":true,"href":"https:\/\/djecji-vrtic-slapica.hr\/de\/wp-json\/wp\/v2\/media\/772"}],"wp:attachment":[{"href":"https:\/\/djecji-vrtic-slapica.hr\/de\/wp-json\/wp\/v2\/media?parent=938"}],"curies":[{"name":"wp","href":"https:\/\/api.w.org\/{rel}","templated":true}]}}