{"id":123,"date":"2025-03-12T17:14:10","date_gmt":"2025-03-12T16:14:10","guid":{"rendered":"https:\/\/djecji-vrtic-slapica.hr\/?page_id=123"},"modified":"2025-04-25T14:37:14","modified_gmt":"2025-04-25T12:37:14","slug":"upisi","status":"publish","type":"page","link":"https:\/\/djecji-vrtic-slapica.hr\/de\/upisi\/","title":{"rendered":"Eintr\u00e4ge"},"content":{"rendered":"<div data-elementor-type=\"wp-page\" data-elementor-id=\"123\" class=\"elementor elementor-123\" data-elementor-post-type=\"page\">\n\t\t\t\t\t\t<section class=\"elementor-section elementor-top-section elementor-element elementor-element-7604fb59 elementor-section-content-middle elementor-section-height-min-height elementor-section-boxed elementor-section-height-default elementor-section-items-middle\" data-id=\"7604fb59\" data-element_type=\"section\" data-settings=\"{&quot;background_background&quot;:&quot;classic&quot;}\">\n\t\t\t\t\t\t<div class=\"elementor-container elementor-column-gap-default\">\n\t\t\t\t\t<div class=\"elementor-column elementor-col-100 elementor-top-column elementor-element elementor-element-68d6bde1\" data-id=\"68d6bde1\" data-element_type=\"column\">\n\t\t\t<div class=\"elementor-widget-wrap elementor-element-populated\">\n\t\t\t\t\t\t\t<\/div>\n\t\t<\/div>\n\t\t\t\t\t<\/div>\n\t\t<\/section>\n\t\t<div class=\"elementor-element elementor-element-3decbeea e-flex e-con-boxed e-con e-parent\" data-id=\"3decbeea\" data-element_type=\"container\">\n\t\t\t\t\t<div class=\"e-con-inner\">\n\t\t<div class=\"elementor-element elementor-element-19279d85 e-con-full e-flex e-con e-child\" data-id=\"19279d85\" data-element_type=\"container\">\n\t\t<div class=\"elementor-element elementor-element-60ea4f22 e-con-full e-flex e-con e-child\" data-id=\"60ea4f22\" data-element_type=\"container\">\n\t\t\t\t<div class=\"elementor-element elementor-element-59571e1 elementor-widget elementor-widget-heading\" data-id=\"59571e1\" data-element_type=\"widget\" data-widget_type=\"heading.default\">\n\t\t\t\t<div class=\"elementor-widget-container\">\n\t\t\t\t\t<h2 class=\"elementor-heading-title elementor-size-default\">Informationen zur Immatrikulation<\/h2>\t\t\t\t<\/div>\n\t\t\t\t<\/div>\n\t\t\t\t<div class=\"elementor-element elementor-element-d786493 elementor-widget-divider--view-line elementor-widget elementor-widget-divider\" data-id=\"d786493\" data-element_type=\"widget\" data-widget_type=\"divider.default\">\n\t\t\t\t<div class=\"elementor-widget-container\">\n\t\t\t\t\t\t\t<div class=\"elementor-divider\">\n\t\t\t<span class=\"elementor-divider-separator\">\n\t\t\t\t\t\t<\/span>\n\t\t<\/div>\n\t\t\t\t\t\t<\/div>\n\t\t\t\t<\/div>\n\t\t\t\t<div class=\"elementor-element elementor-element-379249a elementor-widget elementor-widget-text-editor\" data-id=\"379249a\" data-element_type=\"widget\" data-widget_type=\"text-editor.default\">\n\t\t\t\t<div class=\"elementor-widget-container\">\n\t\t\t\t\t\t\t\t\t<p>Die Einschreibung von Kindern im Kindergarten erfolgt nach den Vorschriften \u00fcber die Einschreibung von Kindern, und alle interessierten Eltern k\u00f6nnen sich dar\u00fcber informieren, indem sie eine Anfrage an die Postadresse und telefonisch oder \u00fcber die Kindergarten-Website senden.<\/p><p><strong>F\u00fcr die Registrierung von Kindern sollten die Eltern die erforderlichen Unterlagen vorlegen, die Folgendes umfassen:<\/strong><\/p><ul><li>Antrag (Antrag) auf Registrierung eines Kindes<\/li><li>Kopie des Personalausweises der Eltern<\/li><li>Kopie der Geburtsurkunde des Kindes<\/li><li>Bescheinigung \u00fcber die durchgef\u00fchrte systematische Pr\u00fcfung<\/li><li>\u00dcbernahme des Vertrages zur Durchf\u00fchrung eines regul\u00e4ren Vorschulbildungsprogramms<\/li><li>Best\u00e4tigung des Zuschusses der \u00f6rtlichen Selbstverwaltungseinheit f\u00fcr die Kofinanzierung des Programms<\/li><\/ul>\t\t\t\t\t\t\t\t<\/div>\n\t\t\t\t<\/div>\n\t\t\t\t<div class=\"elementor-element elementor-element-1189340 elementor-widget elementor-widget-heading\" data-id=\"1189340\" data-element_type=\"widget\" data-widget_type=\"heading.default\">\n\t\t\t\t<div class=\"elementor-widget-container\">\n\t\t\t\t\t<h2 class=\"elementor-heading-title elementor-size-default\">Dokumente<\/h2>\t\t\t\t<\/div>\n\t\t\t\t<\/div>\n\t\t\t\t<div class=\"elementor-element elementor-element-3d7f591 elementor-widget-divider--view-line elementor-widget elementor-widget-divider\" data-id=\"3d7f591\" data-element_type=\"widget\" data-widget_type=\"divider.default\">\n\t\t\t\t<div class=\"elementor-widget-container\">\n\t\t\t\t\t\t\t<div class=\"elementor-divider\">\n\t\t\t<span class=\"elementor-divider-separator\">\n\t\t\t\t\t\t<\/span>\n\t\t<\/div>\n\t\t\t\t\t\t<\/div>\n\t\t\t\t<\/div>\n\t\t\t\t<div class=\"elementor-element elementor-element-20555d33 elementor-icon-list--layout-traditional elementor-list-item-link-full_width elementor-widget elementor-widget-icon-list\" data-id=\"20555d33\" data-element_type=\"widget\" data-widget_type=\"icon-list.default\">\n\t\t\t\t<div class=\"elementor-widget-container\">\n\t\t\t\t\t\t\t<ul class=\"elementor-icon-list-items\">\n\t\t\t\t\t\t\t<li class=\"elementor-icon-list-item\">\n\t\t\t\t\t\t\t\t\t\t\t<a href=\"https:\/\/djecji-vrtic-slapica.hr\/wp-content\/uploads\/2025\/04\/Zahtjev-za-upis-2.docx\" target=\"_blank\">\n\n\t\t\t\t\t\t\t\t\t\t\t\t<span class=\"elementor-icon-list-icon\">\n\t\t\t\t\t\t\t<svg aria-hidden=\"true\" class=\"e-font-icon-svg e-fas-minus\" viewbox=\"0 0 448 512\" xmlns=\"http:\/\/www.w3.org\/2000\/svg\"><path d=\"M416 208H32c-17.67 0-32 14.33-32 32v32c0 17.67 14.33 32 32 32h384c17.67 0 32-14.33 32-32v-32c0-17.67-14.33-32-32-32z\"><\/path><\/svg>\t\t\t\t\t\t<\/span>\n\t\t\t\t\t\t\t\t\t\t<span class=\"elementor-icon-list-text\">ANFORDERUNG AN DIE ANLEITUNG<\/span>\n\t\t\t\t\t\t\t\t\t\t\t<\/a>\n\t\t\t\t\t\t\t\t\t<\/li>\n\t\t\t\t\t\t\t\t<li class=\"elementor-icon-list-item\">\n\t\t\t\t\t\t\t\t\t\t\t<a href=\"https:\/\/djecji-vrtic-slapica.hr\/wp-content\/uploads\/2025\/03\/Zahtjev-za-ispis.docx\" target=\"_blank\">\n\n\t\t\t\t\t\t\t\t\t\t\t\t<span class=\"elementor-icon-list-icon\">\n\t\t\t\t\t\t\t<svg aria-hidden=\"true\" class=\"e-font-icon-svg e-fas-minus\" viewbox=\"0 0 448 512\" xmlns=\"http:\/\/www.w3.org\/2000\/svg\"><path d=\"M416 208H32c-17.67 0-32 14.33-32 32v32c0 17.67 14.33 32 32 32h384c17.67 0 32-14.33 32-32v-32c0-17.67-14.33-32-32-32z\"><\/path><\/svg>\t\t\t\t\t\t<\/span>\n\t\t\t\t\t\t\t\t\t\t<span class=\"elementor-icon-list-text\">ANTRAG AUF PR\u00dcFUNG<\/span>\n\t\t\t\t\t\t\t\t\t\t\t<\/a>\n\t\t\t\t\t\t\t\t\t<\/li>\n\t\t\t\t\t\t<\/ul>\n\t\t\t\t\t\t<\/div>\n\t\t\t\t<\/div>\n\t\t\t\t<\/div>\n\t\t<div class=\"elementor-element elementor-element-290da628 e-con-full e-flex e-con e-child\" data-id=\"290da628\" data-element_type=\"container\">\n\t\t<div class=\"elementor-element elementor-element-7e7b3d52 e-con-full e-flex e-con e-child\" data-id=\"7e7b3d52\" data-element_type=\"container\" data-settings=\"{&quot;background_background&quot;:&quot;classic&quot;,&quot;sticky&quot;:&quot;top&quot;,&quot;sticky_offset&quot;:100,&quot;sticky_on&quot;:[&quot;desktop&quot;,&quot;tablet&quot;,&quot;mobile&quot;],&quot;sticky_effects_offset&quot;:0,&quot;sticky_anchor_link_offset&quot;:0}\">\n\t\t\t\t<div class=\"elementor-element elementor-element-625eb3eb elementor-nav-menu--dropdown-none elementor-widget elementor-widget-nav-menu\" data-id=\"625eb3eb\" data-element_type=\"widget\" data-settings=\"{&quot;layout&quot;:&quot;vertical&quot;,&quot;submenu_icon&quot;:{&quot;value&quot;:&quot;&lt;svg class=\\&quot;e-font-icon-svg e-fas-caret-down\\&quot; viewBox=\\&quot;0 0 320 512\\&quot; xmlns=\\&quot;http:\\\/\\\/www.w3.org\\\/2000\\\/svg\\&quot;&gt;&lt;path d=\\&quot;M31.3 192h257.3c17.8 0 26.7 21.5 14.1 34.1L174.1 354.8c-7.8 7.8-20.5 7.8-28.3 0L17.2 226.1C4.6 213.5 13.5 192 31.3 192z\\&quot;&gt;&lt;\\\/path&gt;&lt;\\\/svg&gt;&quot;,&quot;library&quot;:&quot;fa-solid&quot;}}\" data-widget_type=\"nav-menu.default\">\n\t\t\t\t<div class=\"elementor-widget-container\">\n\t\t\t\t\t\t\t\t<nav aria-label=\"Speisekarte\" class=\"elementor-nav-menu--main elementor-nav-menu__container elementor-nav-menu--layout-vertical e--pointer-none\">\n\t\t\t\t<ul id=\"menu-1-625eb3eb\" class=\"elementor-nav-menu sm-vertical\"><li class=\"menu-item menu-item-type-post_type menu-item-object-page menu-item-344\"><a href=\"https:\/\/djecji-vrtic-slapica.hr\/de\/dokumenti\/\" class=\"elementor-item\">Dokumente<\/a><\/li>\n<li class=\"menu-item menu-item-type-post_type menu-item-object-page menu-item-343\"><a href=\"https:\/\/djecji-vrtic-slapica.hr\/de\/upisi\/\" class=\"elementor-item\">Eintr\u00e4ge<\/a><\/li>\n<\/ul>\t\t\t<\/nav>\n\t\t\t\t\t\t<nav class=\"elementor-nav-menu--dropdown elementor-nav-menu__container\" aria-hidden=\"true\">\n\t\t\t\t<ul id=\"menu-2-625eb3eb\" class=\"elementor-nav-menu sm-vertical\"><li class=\"menu-item menu-item-type-post_type menu-item-object-page menu-item-344\"><a href=\"https:\/\/djecji-vrtic-slapica.hr\/de\/dokumenti\/\" class=\"elementor-item\" tabindex=\"-1\">Dokumente<\/a><\/li>\n<li class=\"menu-item menu-item-type-post_type menu-item-object-page menu-item-343\"><a href=\"https:\/\/djecji-vrtic-slapica.hr\/de\/upisi\/\" class=\"elementor-item\" tabindex=\"-1\">Eintr\u00e4ge<\/a><\/li>\n<\/ul>\t\t\t<\/nav>\n\t\t\t\t\t\t<\/div>\n\t\t\t\t<\/div>\n\t\t\t\t<\/div>\n\t\t\t\t<\/div>\n\t\t\t\t<\/div>\n\t\t\t\t\t<\/div>\n\t\t\t\t<\/div>\n\t\t\t\t<\/div>","protected":false},"excerpt":{"rendered":"<p>Informacije za upis Upisi djece u vrti\u0107 provodi se po Pravilniku o upisu djece, a svi zainteresirani roditelji mogu o tome dobiti informacije slanjem upita na mail adresu, i telefonskim putem ili putem web stranice vrti\u0107a. Za upis djece roditelji trebaju dostaviti potrebnu dokumentaciju koju \u010dine: prijava (zahtjev) za upis djeteta preslika osobne iskaznice\u00a0 roditelja [&hellip;]<\/p>","protected":false},"author":1,"featured_media":772,"parent":0,"menu_order":0,"comment_status":"closed","ping_status":"closed","template":"","meta":{"footnotes":""},"class_list":["post-123","page","type-page","status-publish","has-post-thumbnail","hentry"],"yoast_head":"<!-- This site is optimized with the Yoast SEO plugin v25.1 - https:\/\/yoast.com\/wordpress\/plugins\/seo\/ -->\n<title>Upisi - Dje\u010dji vrti\u0107 \u0160lapica<\/title>\n<meta name=\"robots\" content=\"index, follow, max-snippet:-1, max-image-preview:large, max-video-preview:-1\" \/>\n<link rel=\"canonical\" href=\"https:\/\/djecji-vrtic-slapica.hr\/de\/upisi\/\" \/>\n<meta property=\"og:locale\" content=\"de_DE\" \/>\n<meta property=\"og:type\" content=\"article\" \/>\n<meta property=\"og:title\" content=\"Upisi - Dje\u010dji vrti\u0107 \u0160lapica\" \/>\n<meta property=\"og:description\" content=\"Informacije za upis Upisi djece u vrti\u0107 provodi se po Pravilniku o upisu djece, a svi zainteresirani roditelji mogu o tome dobiti informacije slanjem upita na mail adresu, i telefonskim putem ili putem web stranice vrti\u0107a. Za upis djece roditelji trebaju dostaviti potrebnu dokumentaciju koju \u010dine: prijava (zahtjev) za upis djeteta preslika osobne iskaznice\u00a0 roditelja [&hellip;]\" \/>\n<meta property=\"og:url\" content=\"https:\/\/djecji-vrtic-slapica.hr\/de\/upisi\/\" \/>\n<meta property=\"og:site_name\" content=\"Dje\u010dji vrti\u0107 \u0160lapica\" \/>\n<meta property=\"article:modified_time\" content=\"2025-04-25T12:37:14+00:00\" \/>\n<meta property=\"og:image\" content=\"https:\/\/djecji-vrtic-slapica.hr\/wp-content\/uploads\/2025\/04\/Istaknuta-slika.jpg\" \/>\n\t<meta property=\"og:image:width\" content=\"2048\" \/>\n\t<meta property=\"og:image:height\" content=\"1448\" \/>\n\t<meta property=\"og:image:type\" content=\"image\/jpeg\" \/>\n<meta name=\"twitter:card\" content=\"summary_large_image\" \/>\n<meta name=\"twitter:label1\" content=\"Gesch\u00e4tzte Lesezeit\" \/>\n\t<meta name=\"twitter:data1\" content=\"1 minute\" \/>\n<script type=\"application\/ld+json\" class=\"yoast-schema-graph\">{\"@context\":\"https:\/\/schema.org\",\"@graph\":[{\"@type\":\"WebPage\",\"@id\":\"https:\/\/djecji-vrtic-slapica.hr\/upisi\/\",\"url\":\"https:\/\/djecji-vrtic-slapica.hr\/upisi\/\",\"name\":\"Upisi - Dje\u010dji vrti\u0107 \u0160lapica\",\"isPartOf\":{\"@id\":\"https:\/\/djecji-vrtic-slapica.hr\/#website\"},\"primaryImageOfPage\":{\"@id\":\"https:\/\/djecji-vrtic-slapica.hr\/upisi\/#primaryimage\"},\"image\":{\"@id\":\"https:\/\/djecji-vrtic-slapica.hr\/upisi\/#primaryimage\"},\"thumbnailUrl\":\"https:\/\/djecji-vrtic-slapica.hr\/wp-content\/uploads\/2025\/04\/Istaknuta-slika.jpg\",\"datePublished\":\"2025-03-12T16:14:10+00:00\",\"dateModified\":\"2025-04-25T12:37:14+00:00\",\"breadcrumb\":{\"@id\":\"https:\/\/djecji-vrtic-slapica.hr\/upisi\/#breadcrumb\"},\"inLanguage\":\"de-DE\",\"potentialAction\":[{\"@type\":\"ReadAction\",\"target\":[\"https:\/\/djecji-vrtic-slapica.hr\/upisi\/\"]}]},{\"@type\":\"ImageObject\",\"inLanguage\":\"de-DE\",\"@id\":\"https:\/\/djecji-vrtic-slapica.hr\/upisi\/#primaryimage\",\"url\":\"https:\/\/djecji-vrtic-slapica.hr\/wp-content\/uploads\/2025\/04\/Istaknuta-slika.jpg\",\"contentUrl\":\"https:\/\/djecji-vrtic-slapica.hr\/wp-content\/uploads\/2025\/04\/Istaknuta-slika.jpg\",\"width\":2048,\"height\":1448},{\"@type\":\"BreadcrumbList\",\"@id\":\"https:\/\/djecji-vrtic-slapica.hr\/upisi\/#breadcrumb\",\"itemListElement\":[{\"@type\":\"ListItem\",\"position\":1,\"name\":\"Po\u010detna stranica\",\"item\":\"https:\/\/djecji-vrtic-slapica.hr\/\"},{\"@type\":\"ListItem\",\"position\":2,\"name\":\"Upisi\"}]},{\"@type\":\"WebSite\",\"@id\":\"https:\/\/djecji-vrtic-slapica.hr\/#website\",\"url\":\"https:\/\/djecji-vrtic-slapica.hr\/\",\"name\":\"Dje\u010dji vrti\u0107 \u0160lapica\",\"description\":\"\",\"publisher\":{\"@id\":\"https:\/\/djecji-vrtic-slapica.hr\/#organization\"},\"potentialAction\":[{\"@type\":\"SearchAction\",\"target\":{\"@type\":\"EntryPoint\",\"urlTemplate\":\"https:\/\/djecji-vrtic-slapica.hr\/?s={search_term_string}\"},\"query-input\":{\"@type\":\"PropertyValueSpecification\",\"valueRequired\":true,\"valueName\":\"search_term_string\"}}],\"inLanguage\":\"de-DE\"},{\"@type\":\"Organization\",\"@id\":\"https:\/\/djecji-vrtic-slapica.hr\/#organization\",\"name\":\"Dje\u010dji vrti\u0107 \u0160lapica\",\"url\":\"https:\/\/djecji-vrtic-slapica.hr\/\",\"logo\":{\"@type\":\"ImageObject\",\"inLanguage\":\"de-DE\",\"@id\":\"https:\/\/djecji-vrtic-slapica.hr\/#\/schema\/logo\/image\/\",\"url\":\"https:\/\/djecji-vrtic-slapica.hr\/wp-content\/uploads\/2025\/03\/logo.svg\",\"contentUrl\":\"https:\/\/djecji-vrtic-slapica.hr\/wp-content\/uploads\/2025\/03\/logo.svg\",\"width\":363,\"height\":156,\"caption\":\"Dje\u010dji vrti\u0107 \u0160lapica\"},\"image\":{\"@id\":\"https:\/\/djecji-vrtic-slapica.hr\/#\/schema\/logo\/image\/\"}}]}<\/script>\n<!-- \/ Yoast SEO plugin. -->","yoast_head_json":{"title":"Upisi - Dje\u010dji vrti\u0107 \u0160lapica","robots":{"index":"index","follow":"follow","max-snippet":"max-snippet:-1","max-image-preview":"max-image-preview:large","max-video-preview":"max-video-preview:-1"},"canonical":"https:\/\/djecji-vrtic-slapica.hr\/de\/upisi\/","og_locale":"de_DE","og_type":"article","og_title":"Upisi - Dje\u010dji vrti\u0107 \u0160lapica","og_description":"Informacije za upis Upisi djece u vrti\u0107 provodi se po Pravilniku o upisu djece, a svi zainteresirani roditelji mogu o tome dobiti informacije slanjem upita na mail adresu, i telefonskim putem ili putem web stranice vrti\u0107a. Za upis djece roditelji trebaju dostaviti potrebnu dokumentaciju koju \u010dine: prijava (zahtjev) za upis djeteta preslika osobne iskaznice\u00a0 roditelja [&hellip;]","og_url":"https:\/\/djecji-vrtic-slapica.hr\/de\/upisi\/","og_site_name":"Dje\u010dji vrti\u0107 \u0160lapica","article_modified_time":"2025-04-25T12:37:14+00:00","og_image":[{"width":2048,"height":1448,"url":"https:\/\/djecji-vrtic-slapica.hr\/wp-content\/uploads\/2025\/04\/Istaknuta-slika.jpg","type":"image\/jpeg"}],"twitter_card":"summary_large_image","twitter_misc":{"Gesch\u00e4tzte Lesezeit":"1 minute"},"schema":{"@context":"https:\/\/schema.org","@graph":[{"@type":"WebPage","@id":"https:\/\/djecji-vrtic-slapica.hr\/upisi\/","url":"https:\/\/djecji-vrtic-slapica.hr\/upisi\/","name":"Upisi - Dje\u010dji vrti\u0107 \u0160lapica","isPartOf":{"@id":"https:\/\/djecji-vrtic-slapica.hr\/#website"},"primaryImageOfPage":{"@id":"https:\/\/djecji-vrtic-slapica.hr\/upisi\/#primaryimage"},"image":{"@id":"https:\/\/djecji-vrtic-slapica.hr\/upisi\/#primaryimage"},"thumbnailUrl":"https:\/\/djecji-vrtic-slapica.hr\/wp-content\/uploads\/2025\/04\/Istaknuta-slika.jpg","datePublished":"2025-03-12T16:14:10+00:00","dateModified":"2025-04-25T12:37:14+00:00","breadcrumb":{"@id":"https:\/\/djecji-vrtic-slapica.hr\/upisi\/#breadcrumb"},"inLanguage":"de-DE","potentialAction":[{"@type":"ReadAction","target":["https:\/\/djecji-vrtic-slapica.hr\/upisi\/"]}]},{"@type":"ImageObject","inLanguage":"de-DE","@id":"https:\/\/djecji-vrtic-slapica.hr\/upisi\/#primaryimage","url":"https:\/\/djecji-vrtic-slapica.hr\/wp-content\/uploads\/2025\/04\/Istaknuta-slika.jpg","contentUrl":"https:\/\/djecji-vrtic-slapica.hr\/wp-content\/uploads\/2025\/04\/Istaknuta-slika.jpg","width":2048,"height":1448},{"@type":"BreadcrumbList","@id":"https:\/\/djecji-vrtic-slapica.hr\/upisi\/#breadcrumb","itemListElement":[{"@type":"ListItem","position":1,"name":"Po\u010detna stranica","item":"https:\/\/djecji-vrtic-slapica.hr\/"},{"@type":"ListItem","position":2,"name":"Upisi"}]},{"@type":"WebSite","@id":"https:\/\/djecji-vrtic-slapica.hr\/#website","url":"https:\/\/djecji-vrtic-slapica.hr\/","name":"Dje\u010dji vrti\u0107 \u0160lapica","description":"","publisher":{"@id":"https:\/\/djecji-vrtic-slapica.hr\/#organization"},"potentialAction":[{"@type":"SearchAction","target":{"@type":"EntryPoint","urlTemplate":"https:\/\/djecji-vrtic-slapica.hr\/?s={search_term_string}"},"query-input":{"@type":"PropertyValueSpecification","valueRequired":true,"valueName":"search_term_string"}}],"inLanguage":"de-DE"},{"@type":"Organization","@id":"https:\/\/djecji-vrtic-slapica.hr\/#organization","name":"Dje\u010dji vrti\u0107 \u0160lapica","url":"https:\/\/djecji-vrtic-slapica.hr\/","logo":{"@type":"ImageObject","inLanguage":"de-DE","@id":"https:\/\/djecji-vrtic-slapica.hr\/#\/schema\/logo\/image\/","url":"https:\/\/djecji-vrtic-slapica.hr\/wp-content\/uploads\/2025\/03\/logo.svg","contentUrl":"https:\/\/djecji-vrtic-slapica.hr\/wp-content\/uploads\/2025\/03\/logo.svg","width":363,"height":156,"caption":"Dje\u010dji vrti\u0107 \u0160lapica"},"image":{"@id":"https:\/\/djecji-vrtic-slapica.hr\/#\/schema\/logo\/image\/"}}]}},"jetpack_sharing_enabled":true,"_links":{"self":[{"href":"https:\/\/djecji-vrtic-slapica.hr\/de\/wp-json\/wp\/v2\/pages\/123","targetHints":{"allow":["GET"]}}],"collection":[{"href":"https:\/\/djecji-vrtic-slapica.hr\/de\/wp-json\/wp\/v2\/pages"}],"about":[{"href":"https:\/\/djecji-vrtic-slapica.hr\/de\/wp-json\/wp\/v2\/types\/page"}],"author":[{"embeddable":true,"href":"https:\/\/djecji-vrtic-slapica.hr\/de\/wp-json\/wp\/v2\/users\/1"}],"replies":[{"embeddable":true,"href":"https:\/\/djecji-vrtic-slapica.hr\/de\/wp-json\/wp\/v2\/comments?post=123"}],"version-history":[{"count":37,"href":"https:\/\/djecji-vrtic-slapica.hr\/de\/wp-json\/wp\/v2\/pages\/123\/revisions"}],"predecessor-version":[{"id":1041,"href":"https:\/\/djecji-vrtic-slapica.hr\/de\/wp-json\/wp\/v2\/pages\/123\/revisions\/1041"}],"wp:featuredmedia":[{"embeddable":true,"href":"https:\/\/djecji-vrtic-slapica.hr\/de\/wp-json\/wp\/v2\/media\/772"}],"wp:attachment":[{"href":"https:\/\/djecji-vrtic-slapica.hr\/de\/wp-json\/wp\/v2\/media?parent=123"}],"curies":[{"name":"wp","href":"https:\/\/api.w.org\/{rel}","templated":true}]}}