{"id":120,"date":"2025-03-12T17:13:42","date_gmt":"2025-03-12T16:13:42","guid":{"rendered":"https:\/\/djecji-vrtic-slapica.hr\/?page_id=120"},"modified":"2025-05-22T13:36:53","modified_gmt":"2025-05-22T11:36:53","slug":"kontakt","status":"publish","type":"page","link":"https:\/\/djecji-vrtic-slapica.hr\/de\/kontakt\/","title":{"rendered":"Kontakt"},"content":{"rendered":"<div data-elementor-type=\"wp-page\" data-elementor-id=\"120\" class=\"elementor elementor-120\" data-elementor-post-type=\"page\">\n\t\t\t\t\t\t<section class=\"elementor-section elementor-top-section elementor-element elementor-element-423a9044 elementor-section-content-middle elementor-section-height-min-height elementor-section-boxed elementor-section-height-default elementor-section-items-middle\" data-id=\"423a9044\" data-element_type=\"section\" data-settings=\"{&quot;background_background&quot;:&quot;classic&quot;}\">\n\t\t\t\t\t\t<div class=\"elementor-container elementor-column-gap-default\">\n\t\t\t\t\t<div class=\"elementor-column elementor-col-100 elementor-top-column elementor-element elementor-element-5c1ee1bb\" data-id=\"5c1ee1bb\" data-element_type=\"column\">\n\t\t\t<div class=\"elementor-widget-wrap elementor-element-populated\">\n\t\t\t\t\t\t\t<\/div>\n\t\t<\/div>\n\t\t\t\t\t<\/div>\n\t\t<\/section>\n\t\t\t\t<section class=\"elementor-section elementor-top-section elementor-element elementor-element-7859c94a elementor-section-boxed elementor-section-height-default elementor-section-height-default\" data-id=\"7859c94a\" data-element_type=\"section\">\n\t\t\t\t\t\t<div class=\"elementor-container elementor-column-gap-default\">\n\t\t\t\t\t<div class=\"elementor-column elementor-col-100 elementor-top-column elementor-element elementor-element-7bf87d1f\" data-id=\"7bf87d1f\" data-element_type=\"column\">\n\t\t\t<div class=\"elementor-widget-wrap elementor-element-populated\">\n\t\t\t\t\t\t<div class=\"elementor-element elementor-element-60b03c6b elementor-widget elementor-widget-heading\" data-id=\"60b03c6b\" data-element_type=\"widget\" data-widget_type=\"heading.default\">\n\t\t\t\t<div class=\"elementor-widget-container\">\n\t\t\t\t\t<h2 class=\"elementor-heading-title elementor-size-default\">Kontaktinformationen<\/h2>\t\t\t\t<\/div>\n\t\t\t\t<\/div>\n\t\t\t\t<div class=\"elementor-element elementor-element-46462b6f elementor-widget-divider--view-line elementor-widget elementor-widget-divider\" data-id=\"46462b6f\" data-element_type=\"widget\" data-widget_type=\"divider.default\">\n\t\t\t\t<div class=\"elementor-widget-container\">\n\t\t\t\t\t\t\t<div class=\"elementor-divider\">\n\t\t\t<span class=\"elementor-divider-separator\">\n\t\t\t\t\t\t<\/span>\n\t\t<\/div>\n\t\t\t\t\t\t<\/div>\n\t\t\t\t<\/div>\n\t\t\t\t\t<\/div>\n\t\t<\/div>\n\t\t\t\t\t<\/div>\n\t\t<\/section>\n\t\t\t\t<section class=\"elementor-section elementor-top-section elementor-element elementor-element-43e974cb elementor-section-boxed elementor-section-height-default elementor-section-height-default\" data-id=\"43e974cb\" data-element_type=\"section\">\n\t\t\t\t\t\t<div class=\"elementor-container elementor-column-gap-default\">\n\t\t\t\t\t<div class=\"elementor-column elementor-col-25 elementor-top-column elementor-element elementor-element-6d405e5c\" data-id=\"6d405e5c\" data-element_type=\"column\">\n\t\t\t<div class=\"elementor-widget-wrap elementor-element-populated\">\n\t\t\t\t\t\t<div class=\"elementor-element elementor-element-1376fd68 elementor-position-top elementor-widget elementor-widget-image-box\" data-id=\"1376fd68\" data-element_type=\"widget\" data-widget_type=\"image-box.default\">\n\t\t\t\t<div class=\"elementor-widget-container\">\n\t\t\t\t\t<div class=\"elementor-image-box-wrapper\"><figure class=\"elementor-image-box-img\"><img decoding=\"async\" width=\"64\" height=\"64\" src=\"https:\/\/djecji-vrtic-slapica.hr\/wp-content\/uploads\/2025\/03\/specialization.png\" class=\"attachment-full size-full wp-image-45\" alt=\"\" \/><\/figure><div class=\"elementor-image-box-content\"><h3 class=\"elementor-image-box-title\">Anschrift<\/h3><p class=\"elementor-image-box-description\"><a href=\"https:\/\/maps.app.goo.gl\/gZgFNo5Ev49k27TY9\" target=\"_blank\">K\u00f6nig Tomislav 31a, \n<br>\n49243 Oroslavje<\/a><\/p><\/div><\/div>\t\t\t\t<\/div>\n\t\t\t\t<\/div>\n\t\t\t\t\t<\/div>\n\t\t<\/div>\n\t\t\t\t<div class=\"elementor-column elementor-col-25 elementor-top-column elementor-element elementor-element-68bbe051\" data-id=\"68bbe051\" data-element_type=\"column\">\n\t\t\t<div class=\"elementor-widget-wrap elementor-element-populated\">\n\t\t\t\t\t\t<div class=\"elementor-element elementor-element-ef03339 elementor-position-top elementor-widget elementor-widget-image-box\" data-id=\"ef03339\" data-element_type=\"widget\" data-widget_type=\"image-box.default\">\n\t\t\t\t<div class=\"elementor-widget-container\">\n\t\t\t\t\t<div class=\"elementor-image-box-wrapper\"><figure class=\"elementor-image-box-img\"><img decoding=\"async\" width=\"64\" height=\"64\" src=\"https:\/\/djecji-vrtic-slapica.hr\/wp-content\/uploads\/2025\/03\/globe.png\" class=\"attachment-full size-full wp-image-44\" alt=\"\" \/><\/figure><div class=\"elementor-image-box-content\"><h3 class=\"elementor-image-box-title\">E-Mail<\/h3><p class=\"elementor-image-box-description\"><a href=\"mailto:info.slapica@gmail.com\">info.slapica@gmail.com<\/a>\n<br>\n<a href=\"mailto:ravnateljica.slapica@gmail.com\">ravnateljica.slapica@gmail.com<\/a><\/p><\/div><\/div>\t\t\t\t<\/div>\n\t\t\t\t<\/div>\n\t\t\t\t\t<\/div>\n\t\t<\/div>\n\t\t\t\t<div class=\"elementor-column elementor-col-25 elementor-top-column elementor-element elementor-element-56248d28\" data-id=\"56248d28\" data-element_type=\"column\">\n\t\t\t<div class=\"elementor-widget-wrap elementor-element-populated\">\n\t\t\t\t\t\t<div class=\"elementor-element elementor-element-2aaaf078 elementor-position-top elementor-widget elementor-widget-image-box\" data-id=\"2aaaf078\" data-element_type=\"widget\" data-widget_type=\"image-box.default\">\n\t\t\t\t<div class=\"elementor-widget-container\">\n\t\t\t\t\t<div class=\"elementor-image-box-wrapper\"><figure class=\"elementor-image-box-img\"><img decoding=\"async\" width=\"64\" height=\"64\" src=\"https:\/\/djecji-vrtic-slapica.hr\/wp-content\/uploads\/2025\/03\/discuss.png\" class=\"attachment-full size-full wp-image-62\" alt=\"\" \/><\/figure><div class=\"elementor-image-box-content\"><h3 class=\"elementor-image-box-title\">Kontaktnummer<\/h3><p class=\"elementor-image-box-description\"><a href=\"\/de\/+38549300997\/\">049\/300-997<\/a>\n<br>\n<a href=\"tel:+385981860878\">098\/1860-878<\/a><\/p><\/div><\/div>\t\t\t\t<\/div>\n\t\t\t\t<\/div>\n\t\t\t\t\t<\/div>\n\t\t<\/div>\n\t\t\t\t<div class=\"elementor-column elementor-col-25 elementor-top-column elementor-element elementor-element-599733e\" data-id=\"599733e\" data-element_type=\"column\">\n\t\t\t<div class=\"elementor-widget-wrap elementor-element-populated\">\n\t\t\t\t\t\t<div class=\"elementor-element elementor-element-819a5a6 elementor-position-top elementor-widget elementor-widget-image-box\" data-id=\"819a5a6\" data-element_type=\"widget\" data-widget_type=\"image-box.default\">\n\t\t\t\t<div class=\"elementor-widget-container\">\n\t\t\t\t\t<div class=\"elementor-image-box-wrapper\"><figure class=\"elementor-image-box-img\"><img loading=\"lazy\" decoding=\"async\" width=\"64\" height=\"64\" src=\"https:\/\/djecji-vrtic-slapica.hr\/wp-content\/uploads\/2025\/03\/graduate.png\" class=\"attachment-full size-full wp-image-51\" alt=\"\" \/><\/figure><div class=\"elementor-image-box-content\"><h3 class=\"elementor-image-box-title\">Arbeitszeit<\/h3><p class=\"elementor-image-box-description\">Mo-F\u00fcnf: 06:00 - 16:00 Uhr\n<br>\n(Verl\u00e4ngerter Aufenthalt 16:00 - 20:00)<\/p><\/div><\/div>\t\t\t\t<\/div>\n\t\t\t\t<\/div>\n\t\t\t\t\t<\/div>\n\t\t<\/div>\n\t\t\t\t\t<\/div>\n\t\t<\/section>\n\t\t\t\t<section class=\"elementor-section elementor-top-section elementor-element elementor-element-ceac54b elementor-section-boxed elementor-section-height-default elementor-section-height-default\" data-id=\"ceac54b\" data-element_type=\"section\">\n\t\t\t\t\t\t<div class=\"elementor-container elementor-column-gap-default\">\n\t\t\t\t\t<div class=\"elementor-column elementor-col-100 elementor-top-column elementor-element elementor-element-fadf6b5\" data-id=\"fadf6b5\" data-element_type=\"column\">\n\t\t\t<div class=\"elementor-widget-wrap elementor-element-populated\">\n\t\t\t\t\t\t<div class=\"elementor-element elementor-element-6c7f93b elementor-widget elementor-widget-heading\" data-id=\"6c7f93b\" data-element_type=\"widget\" data-widget_type=\"heading.default\">\n\t\t\t\t<div class=\"elementor-widget-container\">\n\t\t\t\t\t<h2 class=\"elementor-heading-title elementor-size-default\">Kontaktieren Sie uns<\/h2>\t\t\t\t<\/div>\n\t\t\t\t<\/div>\n\t\t\t\t<div class=\"elementor-element elementor-element-f3ed966 elementor-widget-divider--view-line elementor-widget elementor-widget-divider\" data-id=\"f3ed966\" data-element_type=\"widget\" data-widget_type=\"divider.default\">\n\t\t\t\t<div class=\"elementor-widget-container\">\n\t\t\t\t\t\t\t<div class=\"elementor-divider\">\n\t\t\t<span class=\"elementor-divider-separator\">\n\t\t\t\t\t\t<\/span>\n\t\t<\/div>\n\t\t\t\t\t\t<\/div>\n\t\t\t\t<\/div>\n\t\t\t\t\t<\/div>\n\t\t<\/div>\n\t\t\t\t\t<\/div>\n\t\t<\/section>\n\t\t\t\t<section class=\"elementor-section elementor-top-section elementor-element elementor-element-75010d43 elementor-section-content-middle elementor-reverse-mobile elementor-section-boxed elementor-section-height-default elementor-section-height-default\" data-id=\"75010d43\" data-element_type=\"section\">\n\t\t\t\t\t\t<div class=\"elementor-container elementor-column-gap-default\">\n\t\t\t\t\t<div class=\"elementor-column elementor-col-33 elementor-top-column elementor-element elementor-element-5e7b4f89\" data-id=\"5e7b4f89\" data-element_type=\"column\">\n\t\t\t<div class=\"elementor-widget-wrap elementor-element-populated\">\n\t\t\t\t\t\t<div class=\"elementor-element elementor-element-e9f9306 elementor-widget elementor-widget-google_maps\" data-id=\"e9f9306\" data-element_type=\"widget\" data-widget_type=\"google_maps.default\">\n\t\t\t\t<div class=\"elementor-widget-container\">\n\t\t\t\t\t\t\t<div class=\"elementor-custom-embed\">\n\t\t\t<iframe loading=\"lazy\"\n\t\t\t\t\tsrc=\"https:\/\/maps.google.com\/maps?q=Kralja%20Tomislava%2031a%2C%20%2049243%20Oroslavje&#038;t=m&#038;z=12&#038;output=embed&#038;iwloc=near\"\n\t\t\t\t\ttitle=\"K\u00f6nig Tomislav 31a, 49243 Oroslavje\"\n\t\t\t\t\taria-label=\"K\u00f6nig Tomislav 31a, 49243 Oroslavje\"\n\t\t\t><\/iframe>\n\t\t<\/div>\n\t\t\t\t\t\t<\/div>\n\t\t\t\t<\/div>\n\t\t\t\t\t<\/div>\n\t\t<\/div>\n\t\t\t\t<div class=\"elementor-column elementor-col-33 elementor-top-column elementor-element elementor-element-3939535b\" data-id=\"3939535b\" data-element_type=\"column\">\n\t\t\t<div class=\"elementor-widget-wrap\">\n\t\t\t\t\t\t\t<\/div>\n\t\t<\/div>\n\t\t\t\t<div class=\"elementor-column elementor-col-33 elementor-top-column elementor-element elementor-element-65373de8\" data-id=\"65373de8\" data-element_type=\"column\">\n\t\t\t<div class=\"elementor-widget-wrap elementor-element-populated\">\n\t\t\t\t\t\t<div class=\"elementor-element elementor-element-1a6e8861 elementor-button-align-stretch elementor-widget elementor-widget-form\" data-id=\"1a6e8861\" data-element_type=\"widget\" data-settings=\"{&quot;step_next_label&quot;:&quot;Next&quot;,&quot;step_previous_label&quot;:&quot;Previous&quot;,&quot;button_width&quot;:&quot;100&quot;,&quot;step_type&quot;:&quot;number_text&quot;,&quot;step_icon_shape&quot;:&quot;circle&quot;}\" data-widget_type=\"form.default\">\n\t\t\t\t<div class=\"elementor-widget-container\">\n\t\t\t\t\t\t\t<form class=\"elementor-form\" method=\"post\" name=\"Kontakt - web\" novalidate=\"\" action=\"\">\n\t\t\t<input type=\"hidden\" name=\"post_id\" value=\"120\"\/>\n\t\t\t<input type=\"hidden\" name=\"form_id\" value=\"1a6e8861\"\/>\n\t\t\t<input type=\"hidden\" name=\"referer_title\" value=\"Kontakt - Dje\u010dji vrti\u0107 \u0160lapica\" \/>\n\n\t\t\t\t\t\t\t<input type=\"hidden\" name=\"queried_id\" value=\"120\"\/>\n\t\t\t\n\t\t\t<div class=\"elementor-form-fields-wrapper elementor-labels-above\">\n\t\t\t\t\t\t\t\t<div class=\"elementor-field-type-text elementor-field-group elementor-column elementor-field-group-field_535ad84 elementor-col-50 elementor-field-required elementor-mark-required\">\n\t\t\t\t\t\t\t\t\t\t\t\t<label for=\"form-field-field_535ad84\" class=\"elementor-field-label\">\n\t\t\t\t\t\t\t\tVor- und Nachname\t\t\t\t\t\t\t<\/label>\n\t\t\t\t\t\t\t\t\t\t\t\t\t\t<input size=\"1\" type=\"text\" name=\"form_fields[field_535ad84]\" id=\"form-field-field_535ad84\" class=\"elementor-field elementor-size-md  elementor-field-textual\" required=\"required\">\n\t\t\t\t\t\t\t\t\t\t\t<\/div>\n\t\t\t\t\t\t\t\t<div class=\"elementor-field-type-text elementor-field-group elementor-column elementor-field-group-field_4fe0851 elementor-col-50\">\n\t\t\t\t\t\t\t\t\t\t\t\t<label for=\"form-field-field_4fe0851\" class=\"elementor-field-label\">\n\t\t\t\t\t\t\t\tGegenstand\t\t\t\t\t\t\t<\/label>\n\t\t\t\t\t\t\t\t\t\t\t\t\t\t<input size=\"1\" type=\"text\" name=\"form_fields[field_4fe0851]\" id=\"form-field-field_4fe0851\" class=\"elementor-field elementor-size-md  elementor-field-textual\">\n\t\t\t\t\t\t\t\t\t\t\t<\/div>\n\t\t\t\t\t\t\t\t<div class=\"elementor-field-type-email elementor-field-group elementor-column elementor-field-group-email elementor-col-50 elementor-field-required elementor-mark-required\">\n\t\t\t\t\t\t\t\t\t\t\t\t<label for=\"form-field-email\" class=\"elementor-field-label\">\n\t\t\t\t\t\t\t\tE-Mail\t\t\t\t\t\t\t<\/label>\n\t\t\t\t\t\t\t\t\t\t\t\t\t\t<input size=\"1\" type=\"email\" name=\"form_fields[email]\" id=\"form-field-email\" class=\"elementor-field elementor-size-md  elementor-field-textual\" required=\"required\">\n\t\t\t\t\t\t\t\t\t\t\t<\/div>\n\t\t\t\t\t\t\t\t<div class=\"elementor-field-type-tel elementor-field-group elementor-column elementor-field-group-name elementor-col-50\">\n\t\t\t\t\t\t\t\t\t\t\t\t<label for=\"form-field-name\" class=\"elementor-field-label\">\n\t\t\t\t\t\t\t\tKontaktnummer\t\t\t\t\t\t\t<\/label>\n\t\t\t\t\t\t\t\t<input size=\"1\" type=\"tel\" name=\"form_fields[name]\" id=\"form-field-name\" class=\"elementor-field elementor-size-md  elementor-field-textual\" pattern=\"[0-9()#&amp;+*-=.]+\" title=\"Only numbers and phone characters (#, -, *, etc) are accepted.\">\n\n\t\t\t\t\t\t<\/div>\n\t\t\t\t\t\t\t\t<div class=\"elementor-field-type-textarea elementor-field-group elementor-column elementor-field-group-message elementor-col-100 elementor-field-required elementor-mark-required\">\n\t\t\t\t\t\t\t\t\t\t\t\t<label for=\"form-field-message\" class=\"elementor-field-label\">\n\t\t\t\t\t\t\t\tNachricht\t\t\t\t\t\t\t<\/label>\n\t\t\t\t\t\t<textarea class=\"elementor-field-textual elementor-field  elementor-size-md\" name=\"form_fields[message]\" id=\"form-field-message\" rows=\"10\" required=\"required\"><\/textarea>\t\t\t\t<\/div>\n\t\t\t\t\t\t\t\t<div class=\"elementor-field-type-recaptcha_v3 elementor-field-group elementor-column elementor-field-group-field_d14b01d elementor-col-100 recaptcha_v3-bottomright\">\n\t\t\t\t\t<div class=\"elementor-field\" id=\"form-field-field_d14b01d\"><div class=\"elementor-g-recaptcha\" data-sitekey=\"6Lf3-EQrAAAAAO8FEFq3NVRZJtXlnqHEcI9HwqZP\" data-type=\"v3\" data-action=\"Form\" data-badge=\"bottomright\" data-size=\"invisible\"><\/div><\/div>\t\t\t\t<\/div>\n\t\t\t\t\t\t\t\t<div class=\"elementor-field-group elementor-column elementor-field-type-submit elementor-col-100 e-form__buttons\">\n\t\t\t\t\t<button class=\"elementor-button elementor-size-md\" type=\"submit\">\n\t\t\t\t\t\t<span class=\"elementor-button-content-wrapper\">\n\t\t\t\t\t\t\t\t\t\t\t\t\t\t\t\t\t\t\t\t\t\t<span class=\"elementor-button-text\">Abschicken<\/span>\n\t\t\t\t\t\t\t\t\t\t\t\t\t<\/span>\n\t\t\t\t\t<\/button>\n\t\t\t\t<\/div>\n\t\t\t<\/div>\n\t\t<input type=\"hidden\" name=\"etm-form-language\" value=\"de\"\/><\/form>\n\t\t\t\t\t\t<\/div>\n\t\t\t\t<\/div>\n\t\t\t\t\t<\/div>\n\t\t<\/div>\n\t\t\t\t\t<\/div>\n\t\t<\/section>\n\t\t\t\t<\/div>","protected":false},"excerpt":{"rendered":"<p>Kontakt informacije Adresa Kralja Tomislava 31a, 49243 Oroslavje E-mail info.slapica@gmail.com ravnateljica.slapica@gmail.com Kontakt broj 049\/300-997 098\/1860-878 Radno vrijeme Pon &#8211; Pet: 06:00 &#8211; 16:00 sati (Produ\u017eeni boravak 16:00 &#8211; 20:00 sati) Kontaktirajte nas<\/p>","protected":false},"author":1,"featured_media":772,"parent":0,"menu_order":0,"comment_status":"closed","ping_status":"closed","template":"","meta":{"footnotes":""},"class_list":["post-120","page","type-page","status-publish","has-post-thumbnail","hentry"],"yoast_head":"<!-- This site is optimized with the Yoast SEO plugin v25.1 - https:\/\/yoast.com\/wordpress\/plugins\/seo\/ -->\n<title>Kontakt - Dje\u010dji vrti\u0107 \u0160lapica<\/title>\n<meta name=\"robots\" content=\"index, follow, max-snippet:-1, max-image-preview:large, max-video-preview:-1\" \/>\n<link rel=\"canonical\" href=\"https:\/\/djecji-vrtic-slapica.hr\/de\/kontakt\/\" \/>\n<meta property=\"og:locale\" content=\"de_DE\" \/>\n<meta property=\"og:type\" content=\"article\" \/>\n<meta property=\"og:title\" content=\"Kontakt - Dje\u010dji vrti\u0107 \u0160lapica\" \/>\n<meta property=\"og:description\" content=\"Kontakt informacije Adresa Kralja Tomislava 31a, 49243 Oroslavje E-mail info.slapica@gmail.com ravnateljica.slapica@gmail.com Kontakt broj 049\/300-997 098\/1860-878 Radno vrijeme Pon &#8211; Pet: 06:00 &#8211; 16:00 sati (Produ\u017eeni boravak 16:00 &#8211; 20:00 sati) Kontaktirajte nas\" \/>\n<meta property=\"og:url\" content=\"https:\/\/djecji-vrtic-slapica.hr\/de\/kontakt\/\" \/>\n<meta property=\"og:site_name\" content=\"Dje\u010dji vrti\u0107 \u0160lapica\" \/>\n<meta property=\"article:modified_time\" content=\"2025-05-22T11:36:53+00:00\" \/>\n<meta property=\"og:image\" content=\"https:\/\/djecji-vrtic-slapica.hr\/wp-content\/uploads\/2025\/04\/Istaknuta-slika.jpg\" \/>\n\t<meta property=\"og:image:width\" content=\"2048\" \/>\n\t<meta property=\"og:image:height\" content=\"1448\" \/>\n\t<meta property=\"og:image:type\" content=\"image\/jpeg\" \/>\n<meta name=\"twitter:card\" content=\"summary_large_image\" \/>\n<meta name=\"twitter:label1\" content=\"Gesch\u00e4tzte Lesezeit\" \/>\n\t<meta name=\"twitter:data1\" content=\"2 minutes\" \/>\n<script type=\"application\/ld+json\" class=\"yoast-schema-graph\">{\"@context\":\"https:\/\/schema.org\",\"@graph\":[{\"@type\":\"WebPage\",\"@id\":\"https:\/\/djecji-vrtic-slapica.hr\/kontakt\/\",\"url\":\"https:\/\/djecji-vrtic-slapica.hr\/kontakt\/\",\"name\":\"Kontakt - Dje\u010dji vrti\u0107 \u0160lapica\",\"isPartOf\":{\"@id\":\"https:\/\/djecji-vrtic-slapica.hr\/#website\"},\"primaryImageOfPage\":{\"@id\":\"https:\/\/djecji-vrtic-slapica.hr\/kontakt\/#primaryimage\"},\"image\":{\"@id\":\"https:\/\/djecji-vrtic-slapica.hr\/kontakt\/#primaryimage\"},\"thumbnailUrl\":\"https:\/\/djecji-vrtic-slapica.hr\/wp-content\/uploads\/2025\/04\/Istaknuta-slika.jpg\",\"datePublished\":\"2025-03-12T16:13:42+00:00\",\"dateModified\":\"2025-05-22T11:36:53+00:00\",\"breadcrumb\":{\"@id\":\"https:\/\/djecji-vrtic-slapica.hr\/kontakt\/#breadcrumb\"},\"inLanguage\":\"de-DE\",\"potentialAction\":[{\"@type\":\"ReadAction\",\"target\":[\"https:\/\/djecji-vrtic-slapica.hr\/kontakt\/\"]}]},{\"@type\":\"ImageObject\",\"inLanguage\":\"de-DE\",\"@id\":\"https:\/\/djecji-vrtic-slapica.hr\/kontakt\/#primaryimage\",\"url\":\"https:\/\/djecji-vrtic-slapica.hr\/wp-content\/uploads\/2025\/04\/Istaknuta-slika.jpg\",\"contentUrl\":\"https:\/\/djecji-vrtic-slapica.hr\/wp-content\/uploads\/2025\/04\/Istaknuta-slika.jpg\",\"width\":2048,\"height\":1448},{\"@type\":\"BreadcrumbList\",\"@id\":\"https:\/\/djecji-vrtic-slapica.hr\/kontakt\/#breadcrumb\",\"itemListElement\":[{\"@type\":\"ListItem\",\"position\":1,\"name\":\"Po\u010detna stranica\",\"item\":\"https:\/\/djecji-vrtic-slapica.hr\/\"},{\"@type\":\"ListItem\",\"position\":2,\"name\":\"Kontakt\"}]},{\"@type\":\"WebSite\",\"@id\":\"https:\/\/djecji-vrtic-slapica.hr\/#website\",\"url\":\"https:\/\/djecji-vrtic-slapica.hr\/\",\"name\":\"Dje\u010dji vrti\u0107 \u0160lapica\",\"description\":\"\",\"publisher\":{\"@id\":\"https:\/\/djecji-vrtic-slapica.hr\/#organization\"},\"potentialAction\":[{\"@type\":\"SearchAction\",\"target\":{\"@type\":\"EntryPoint\",\"urlTemplate\":\"https:\/\/djecji-vrtic-slapica.hr\/?s={search_term_string}\"},\"query-input\":{\"@type\":\"PropertyValueSpecification\",\"valueRequired\":true,\"valueName\":\"search_term_string\"}}],\"inLanguage\":\"de-DE\"},{\"@type\":\"Organization\",\"@id\":\"https:\/\/djecji-vrtic-slapica.hr\/#organization\",\"name\":\"Dje\u010dji vrti\u0107 \u0160lapica\",\"url\":\"https:\/\/djecji-vrtic-slapica.hr\/\",\"logo\":{\"@type\":\"ImageObject\",\"inLanguage\":\"de-DE\",\"@id\":\"https:\/\/djecji-vrtic-slapica.hr\/#\/schema\/logo\/image\/\",\"url\":\"https:\/\/djecji-vrtic-slapica.hr\/wp-content\/uploads\/2025\/03\/logo.svg\",\"contentUrl\":\"https:\/\/djecji-vrtic-slapica.hr\/wp-content\/uploads\/2025\/03\/logo.svg\",\"width\":363,\"height\":156,\"caption\":\"Dje\u010dji vrti\u0107 \u0160lapica\"},\"image\":{\"@id\":\"https:\/\/djecji-vrtic-slapica.hr\/#\/schema\/logo\/image\/\"}}]}<\/script>\n<!-- \/ Yoast SEO plugin. -->","yoast_head_json":{"title":"Kontakt - Dje\u010dji vrti\u0107 \u0160lapica","robots":{"index":"index","follow":"follow","max-snippet":"max-snippet:-1","max-image-preview":"max-image-preview:large","max-video-preview":"max-video-preview:-1"},"canonical":"https:\/\/djecji-vrtic-slapica.hr\/de\/kontakt\/","og_locale":"de_DE","og_type":"article","og_title":"Kontakt - Dje\u010dji vrti\u0107 \u0160lapica","og_description":"Kontakt informacije Adresa Kralja Tomislava 31a, 49243 Oroslavje E-mail info.slapica@gmail.com ravnateljica.slapica@gmail.com Kontakt broj 049\/300-997 098\/1860-878 Radno vrijeme Pon &#8211; Pet: 06:00 &#8211; 16:00 sati (Produ\u017eeni boravak 16:00 &#8211; 20:00 sati) Kontaktirajte nas","og_url":"https:\/\/djecji-vrtic-slapica.hr\/de\/kontakt\/","og_site_name":"Dje\u010dji vrti\u0107 \u0160lapica","article_modified_time":"2025-05-22T11:36:53+00:00","og_image":[{"width":2048,"height":1448,"url":"https:\/\/djecji-vrtic-slapica.hr\/wp-content\/uploads\/2025\/04\/Istaknuta-slika.jpg","type":"image\/jpeg"}],"twitter_card":"summary_large_image","twitter_misc":{"Gesch\u00e4tzte Lesezeit":"2 minutes"},"schema":{"@context":"https:\/\/schema.org","@graph":[{"@type":"WebPage","@id":"https:\/\/djecji-vrtic-slapica.hr\/kontakt\/","url":"https:\/\/djecji-vrtic-slapica.hr\/kontakt\/","name":"Kontakt - Dje\u010dji vrti\u0107 \u0160lapica","isPartOf":{"@id":"https:\/\/djecji-vrtic-slapica.hr\/#website"},"primaryImageOfPage":{"@id":"https:\/\/djecji-vrtic-slapica.hr\/kontakt\/#primaryimage"},"image":{"@id":"https:\/\/djecji-vrtic-slapica.hr\/kontakt\/#primaryimage"},"thumbnailUrl":"https:\/\/djecji-vrtic-slapica.hr\/wp-content\/uploads\/2025\/04\/Istaknuta-slika.jpg","datePublished":"2025-03-12T16:13:42+00:00","dateModified":"2025-05-22T11:36:53+00:00","breadcrumb":{"@id":"https:\/\/djecji-vrtic-slapica.hr\/kontakt\/#breadcrumb"},"inLanguage":"de-DE","potentialAction":[{"@type":"ReadAction","target":["https:\/\/djecji-vrtic-slapica.hr\/kontakt\/"]}]},{"@type":"ImageObject","inLanguage":"de-DE","@id":"https:\/\/djecji-vrtic-slapica.hr\/kontakt\/#primaryimage","url":"https:\/\/djecji-vrtic-slapica.hr\/wp-content\/uploads\/2025\/04\/Istaknuta-slika.jpg","contentUrl":"https:\/\/djecji-vrtic-slapica.hr\/wp-content\/uploads\/2025\/04\/Istaknuta-slika.jpg","width":2048,"height":1448},{"@type":"BreadcrumbList","@id":"https:\/\/djecji-vrtic-slapica.hr\/kontakt\/#breadcrumb","itemListElement":[{"@type":"ListItem","position":1,"name":"Po\u010detna stranica","item":"https:\/\/djecji-vrtic-slapica.hr\/"},{"@type":"ListItem","position":2,"name":"Kontakt"}]},{"@type":"WebSite","@id":"https:\/\/djecji-vrtic-slapica.hr\/#website","url":"https:\/\/djecji-vrtic-slapica.hr\/","name":"Dje\u010dji vrti\u0107 \u0160lapica","description":"","publisher":{"@id":"https:\/\/djecji-vrtic-slapica.hr\/#organization"},"potentialAction":[{"@type":"SearchAction","target":{"@type":"EntryPoint","urlTemplate":"https:\/\/djecji-vrtic-slapica.hr\/?s={search_term_string}"},"query-input":{"@type":"PropertyValueSpecification","valueRequired":true,"valueName":"search_term_string"}}],"inLanguage":"de-DE"},{"@type":"Organization","@id":"https:\/\/djecji-vrtic-slapica.hr\/#organization","name":"Dje\u010dji vrti\u0107 \u0160lapica","url":"https:\/\/djecji-vrtic-slapica.hr\/","logo":{"@type":"ImageObject","inLanguage":"de-DE","@id":"https:\/\/djecji-vrtic-slapica.hr\/#\/schema\/logo\/image\/","url":"https:\/\/djecji-vrtic-slapica.hr\/wp-content\/uploads\/2025\/03\/logo.svg","contentUrl":"https:\/\/djecji-vrtic-slapica.hr\/wp-content\/uploads\/2025\/03\/logo.svg","width":363,"height":156,"caption":"Dje\u010dji vrti\u0107 \u0160lapica"},"image":{"@id":"https:\/\/djecji-vrtic-slapica.hr\/#\/schema\/logo\/image\/"}}]}},"jetpack_sharing_enabled":true,"_links":{"self":[{"href":"https:\/\/djecji-vrtic-slapica.hr\/de\/wp-json\/wp\/v2\/pages\/120","targetHints":{"allow":["GET"]}}],"collection":[{"href":"https:\/\/djecji-vrtic-slapica.hr\/de\/wp-json\/wp\/v2\/pages"}],"about":[{"href":"https:\/\/djecji-vrtic-slapica.hr\/de\/wp-json\/wp\/v2\/types\/page"}],"author":[{"embeddable":true,"href":"https:\/\/djecji-vrtic-slapica.hr\/de\/wp-json\/wp\/v2\/users\/1"}],"replies":[{"embeddable":true,"href":"https:\/\/djecji-vrtic-slapica.hr\/de\/wp-json\/wp\/v2\/comments?post=120"}],"version-history":[{"count":118,"href":"https:\/\/djecji-vrtic-slapica.hr\/de\/wp-json\/wp\/v2\/pages\/120\/revisions"}],"predecessor-version":[{"id":1187,"href":"https:\/\/djecji-vrtic-slapica.hr\/de\/wp-json\/wp\/v2\/pages\/120\/revisions\/1187"}],"wp:featuredmedia":[{"embeddable":true,"href":"https:\/\/djecji-vrtic-slapica.hr\/de\/wp-json\/wp\/v2\/media\/772"}],"wp:attachment":[{"href":"https:\/\/djecji-vrtic-slapica.hr\/de\/wp-json\/wp\/v2\/media?parent=120"}],"curies":[{"name":"wp","href":"https:\/\/api.w.org\/{rel}","templated":true}]}}